{"id":10,"date":"2019-12-13T06:13:13","date_gmt":"2019-12-13T06:13:13","guid":{"rendered":"http:\/\/qc041500.web243.webhouse.sk\/?page_id=10"},"modified":"2020-02-14T10:54:59","modified_gmt":"2020-02-14T09:54:59","slug":"about","status":"publish","type":"page","link":"https:\/\/www.hasicistupava.sk\/?page_id=10","title":{"rendered":"O n\u00e1s"},"content":{"rendered":"\n<p class=\"has-medium-font-size\">Vitajte na str\u00e1nke Dobrovo\u013en\u00e9ho hasi\u010dsk\u00e9ho zboru Stupava.<\/p>\n\n\n\n<p> Sme neziskov\u00e1 organiz\u00e1cia, ktora vykon\u00e1va tieto \u010dinnosti :<\/p>\n\n\n\n<ul class=\"wp-block-list\"><li>Hasenie po\u017eiarov<\/li><li>Z\u00e1chrana pri dopravn\u00fdch nehod\u00e1ch<\/li><li>Z\u00e1chrana z v\u00fd\u0161ok a vo\u013en\u00fdch h\u013abok<\/li><li>Pomoc pri povodniach<\/li><li>Udalosti s nebezpe\u010dn\u00fdmi l\u00e1tkami<\/li><li>V\u00fdbuchy<\/li><li>Zr\u00faten\u00e9 budovy<\/li><li>Zr\u00faten\u00e9 kon\u0161trukcie, stromy<\/li><li>Nebezpe\u010dn\u00fd hmyz ohrozuj\u00faci osoby<\/li><li>Po\u017eiarno-asisten\u010dn\u00fa hliadku pri kult\u00farnych a spolo\u010densk\u00fdch podujatiach, na ktor\u00fdch sa z\u00fa\u010dast\u0148uje v\u00e4\u010d\u0161\u00ed po\u010det os\u00f4b (napr. festivaly, koncerty, a\u00a0pod.), <\/li><li>In\u00e9 n\u00fadzov\u00e9 situ\u00e1cie<\/li><\/ul>\n\n\n\n<p><\/p>\n\n\n\n<p><\/p>\n\n\n\n<p><\/p>\n","protected":false},"excerpt":{"rendered":"<p>Vitajte na str\u00e1nke Dobrovo\u013en\u00e9ho hasi\u010dsk\u00e9ho zboru Stupava. Sme neziskov\u00e1 organiz\u00e1cia, ktora vykon\u00e1va tieto \u010dinnosti : Hasenie po\u017eiarov Z\u00e1chrana pri dopravn\u00fdch nehod\u00e1ch Z\u00e1chrana z v\u00fd\u0161ok a&hellip;<\/p>\n","protected":false},"author":1,"featured_media":41,"parent":0,"menu_order":0,"comment_status":"closed","ping_status":"closed","template":"","meta":{"footnotes":""},"class_list":["post-10","page","type-page","status-publish","has-post-thumbnail","hentry"],"_links":{"self":[{"href":"https:\/\/www.hasicistupava.sk\/index.php?rest_route=\/wp\/v2\/pages\/10","targetHints":{"allow":["GET"]}}],"collection":[{"href":"https:\/\/www.hasicistupava.sk\/index.php?rest_route=\/wp\/v2\/pages"}],"about":[{"href":"https:\/\/www.hasicistupava.sk\/index.php?rest_route=\/wp\/v2\/types\/page"}],"author":[{"embeddable":true,"href":"https:\/\/www.hasicistupava.sk\/index.php?rest_route=\/wp\/v2\/users\/1"}],"replies":[{"embeddable":true,"href":"https:\/\/www.hasicistupava.sk\/index.php?rest_route=%2Fwp%2Fv2%2Fcomments&post=10"}],"version-history":[{"count":11,"href":"https:\/\/www.hasicistupava.sk\/index.php?rest_route=\/wp\/v2\/pages\/10\/revisions"}],"predecessor-version":[{"id":374,"href":"https:\/\/www.hasicistupava.sk\/index.php?rest_route=\/wp\/v2\/pages\/10\/revisions\/374"}],"wp:featuredmedia":[{"embeddable":true,"href":"https:\/\/www.hasicistupava.sk\/index.php?rest_route=\/wp\/v2\/media\/41"}],"wp:attachment":[{"href":"https:\/\/www.hasicistupava.sk\/index.php?rest_route=%2Fwp%2Fv2%2Fmedia&parent=10"}],"curies":[{"name":"wp","href":"https:\/\/api.w.org\/{rel}","templated":true}]}}