{"id":143,"date":"2019-12-19T09:33:02","date_gmt":"2019-12-19T08:33:02","guid":{"rendered":"http:\/\/qc041500.web243.webhouse.sk\/?page_id=143"},"modified":"2019-12-22T21:32:51","modified_gmt":"2019-12-22T20:32:51","slug":"poziar-odpadu-v-areali-zberneho-dvora-na-mierovej-ulici-v-stupave","status":"publish","type":"page","link":"https:\/\/www.hasicistupava.sk\/?page_id=143","title":{"rendered":"Kapustnica"},"content":{"rendered":"\n<p><a href=\"https:\/\/photos.google.com\/share\/AF1QipMpbwTpzphDHUy-nE4h09UxxqyFwL5EXXUASnmWTMcsgKSG1Nn_mSgeY9n4-Ong6w?key=SnZyUXFFbnA2NzJVT2RTU2dLSTFOMjRoU0JaWGNn\">Odkaz na galeriu<\/a><\/p>\n\n\n\n<p>7. ro\u010dn\u00edk Hasi\u010dskej kapustnice!<\/p>\n\n\n\n<p>Pr\u00ed\u010fte v sobotu 21. decembra 2019 od 13:00 na Hasi\u010dsk\u00fa zbrojnicu do Stupavy! Pripraven\u00e1 bude dom\u00e1ca kapustnica, prehliadka techniky aj lanovka pre deti.<\/p>\n\n\n\n<p>V\u00edtan\u00ed s\u00fa mal\u00ed aj ve\u013ek\u00ed!<\/p>\n\n\n\n<figure class=\"wp-block-image size-large\"><img loading=\"lazy\" decoding=\"async\" width=\"679\" height=\"960\" src=\"http:\/\/qc041500.web243.webhouse.sk\/wp-content\/uploads\/2019\/12\/haskap2019.jpg\" alt=\"\" class=\"wp-image-40\" srcset=\"https:\/\/www.hasicistupava.sk\/wp-content\/uploads\/2019\/12\/haskap2019.jpg 679w, https:\/\/www.hasicistupava.sk\/wp-content\/uploads\/2019\/12\/haskap2019-212x300.jpg 212w\" sizes=\"auto, (max-width: 679px) 100vw, 679px\" \/><\/figure>\n","protected":false},"excerpt":{"rendered":"<p>Odkaz na galeriu 7. ro\u010dn\u00edk Hasi\u010dskej kapustnice! Pr\u00ed\u010fte v sobotu 21. decembra 2019 od 13:00 na Hasi\u010dsk\u00fa zbrojnicu do Stupavy! Pripraven\u00e1 bude dom\u00e1ca kapustnica, prehliadka&hellip;<\/p>\n","protected":false},"author":1,"featured_media":0,"parent":0,"menu_order":0,"comment_status":"closed","ping_status":"closed","template":"","meta":{"footnotes":""},"class_list":["post-143","page","type-page","status-publish","hentry"],"_links":{"self":[{"href":"https:\/\/www.hasicistupava.sk\/index.php?rest_route=\/wp\/v2\/pages\/143","targetHints":{"allow":["GET"]}}],"collection":[{"href":"https:\/\/www.hasicistupava.sk\/index.php?rest_route=\/wp\/v2\/pages"}],"about":[{"href":"https:\/\/www.hasicistupava.sk\/index.php?rest_route=\/wp\/v2\/types\/page"}],"author":[{"embeddable":true,"href":"https:\/\/www.hasicistupava.sk\/index.php?rest_route=\/wp\/v2\/users\/1"}],"replies":[{"embeddable":true,"href":"https:\/\/www.hasicistupava.sk\/index.php?rest_route=%2Fwp%2Fv2%2Fcomments&post=143"}],"version-history":[{"count":3,"href":"https:\/\/www.hasicistupava.sk\/index.php?rest_route=\/wp\/v2\/pages\/143\/revisions"}],"predecessor-version":[{"id":304,"href":"https:\/\/www.hasicistupava.sk\/index.php?rest_route=\/wp\/v2\/pages\/143\/revisions\/304"}],"wp:attachment":[{"href":"https:\/\/www.hasicistupava.sk\/index.php?rest_route=%2Fwp%2Fv2%2Fmedia&parent=143"}],"curies":[{"name":"wp","href":"https:\/\/api.w.org\/{rel}","templated":true}]}}