{"id":156,"date":"2019-12-19T14:44:00","date_gmt":"2019-12-19T13:44:00","guid":{"rendered":"http:\/\/qc041500.web243.webhouse.sk\/?page_id=156"},"modified":"2019-12-19T22:04:41","modified_gmt":"2019-12-19T21:04:41","slug":"countryohen-2019","status":"publish","type":"page","link":"https:\/\/www.hasicistupava.sk\/?page_id=156","title":{"rendered":"Countryohe\u0148"},"content":{"rendered":"\n<p class=\"has-text-color has-large-font-size has-very-dark-gray-color\"><strong><em>Countryohe\u0148 2019<\/em><\/strong><\/p>\n\n\n\n<p>2. ro\u010dn\u00edk hasi\u010dsk\u00e9ho juni\u00e1lesu v Stupave.<br>Pr\u00ed\u010fte v sobotu, 15.06.2019 od 12:00, do Mal\u00e9ho parku v Stupave, kde si pre V\u00e1s pripravili stupavsk\u00ed hasi\u010di podujatie pre mal\u00fdch i ve\u013ek\u00fdch. Milovn\u00edci country hudby \u010di obdivovatelia hasi\u010dov si pr\u00eddu na svoje! Pre deti bud\u00fa pripraven\u00e9 r\u00f4zne atrakcie ako striekanie z hasi\u010dskej hadice \u010di vozenie sa na ko\u0148och. Do Stupavy taktie\u017e so svojou technikou zav\u00edtaj\u00fa aj hasi\u010di z okolit\u00fdch miest a deti aj dospel\u00ed si tak bud\u00fa m\u00f4c\u0165 vysk\u00fa\u0161a\u0165, ak\u00e9 to je sedie\u0165 za volantom hasi\u010dsk\u00e9ho auta. Taktie\u017e si budete m\u00f4c\u0165 vysk\u00fa\u0161a\u0165 postupy prvej pomoci a dozvedie\u0165 sa viac o pr\u00e1ci z\u00e1chran\u00e1rov. \u0160peci\u00e1lnym programom bude mo\u017enos\u0165 jazdy na obrnenom vojenskom vozidle.<br>Pripraven\u00e9 bud\u00fa st\u00e1nky s ob\u010derstven\u00edm, v ktor\u00fdch bud\u00fa na v\u00fdber r\u00f4zne jedl\u00e1. Ch\u00fdba\u0165 nebud\u00fa ani n\u00e1poje na dodr\u017eanie pitn\u00e9ho re\u017eimu.<br>Do tanca zahraj\u00fa country kapely OuKeY, COUNTRY TIP, Arion, Viera \u0160ustekov\u00e1 a hostia \u010di hviezda ve\u010dera Bukasov\u00fd mas\u00edv.<br>Program kapiel svoj\u00edm predstaven\u00edm premost\u00ed Bratislavsk\u00e9 zdru\u017eenie country a dobov\u00fdch tancov SALTARELLO.<\/p>\n\n\n\n<p>Te\u0161\u00edme sa na V\u00e1s!<\/p>\n\n\n\n<p>VSTUP VO\u013dN\u00dd!<\/p>\n\n\n\n<figure class=\"wp-block-image size-large\"><img loading=\"lazy\" decoding=\"async\" width=\"724\" height=\"1024\" src=\"http:\/\/qc041500.web243.webhouse.sk\/wp-content\/uploads\/2019\/12\/coun2019-724x1024.jpg\" alt=\"\" class=\"wp-image-99\" srcset=\"https:\/\/www.hasicistupava.sk\/wp-content\/uploads\/2019\/12\/coun2019-724x1024.jpg 724w, https:\/\/www.hasicistupava.sk\/wp-content\/uploads\/2019\/12\/coun2019-212x300.jpg 212w, https:\/\/www.hasicistupava.sk\/wp-content\/uploads\/2019\/12\/coun2019-768x1086.jpg 768w, https:\/\/www.hasicistupava.sk\/wp-content\/uploads\/2019\/12\/coun2019-1086x1536.jpg 1086w, https:\/\/www.hasicistupava.sk\/wp-content\/uploads\/2019\/12\/coun2019.jpg 1240w\" sizes=\"auto, (max-width: 724px) 100vw, 724px\" \/><\/figure>\n\n\n\n<p class=\"has-text-color has-large-font-size has-very-dark-gray-color\"><strong><em>Countryohe\u0148 2018<\/em><\/strong><\/p>\n\n\n\n<p>1. ro\u010dn\u00edk hasi\u010dsk\u00e9ho juni\u00e1lesu v Stupave.<br>Pr\u00ed\u010fte v sobotu, 16.06.2018 od 14:00, do Mal\u00e9ho parku v Stupave, kde si pre V\u00e1s pripravili stupavsk\u00ed hasi\u010di podujatie pre mal\u00fdch i ve\u013ek\u00fdch. Milovn\u00edci country hudby, \u010di obdivovatelia hasi\u010dov si pr\u00eddu na svoje! Pre deti bud\u00fa pripraven\u00e9 r\u00f4zne atrakcie ako striekanie z hasi\u010dskej hadice, vozenie sa na ko\u0148och a in\u00e9.<br>Do Stupavy taktie\u017e so svojou technikou zav\u00edtaj\u00fa aj profesion\u00e1lni a dobrovo\u013en\u00ed hasi\u010di z okolit\u00fdch miest a deti aj dospel\u00ed si tak bud\u00fa m\u00f4c\u0165 vysk\u00fa\u0161a\u0165, ak\u00e9 to je sedie\u0165 za volantom hasi\u010dsk\u00e9ho auta.<br>Pripraven\u00e9 bud\u00fa st\u00e1nky s ob\u010derstven\u00edm, v ktor\u00fdch bud\u00fa na v\u00fdber r\u00f4zne jedl\u00e1 (cig\u00e1nska pe\u010dienka, gul\u00e1\u0161&#8230;). Ch\u00fdba\u0165 nebud\u00fa ani n\u00e1poje na dodr\u017eanie pitn\u00e9ho re\u017eimu.\u00a0<br>Do tanca zahraj\u00fa country kapely JAKO KEDY, COUNTRYFIED, OuKeY.<\/p>\n\n\n\n<p>Te\u0161\u00edme sa na V\u00e1s!<\/p>\n\n\n\n<p>VSTUP VO\u013dN\u00dd!<\/p>\n\n\n\n<figure class=\"wp-block-image size-large\"><img loading=\"lazy\" decoding=\"async\" width=\"725\" height=\"1024\" src=\"http:\/\/qc041500.web243.webhouse.sk\/wp-content\/uploads\/2019\/12\/coun2018-725x1024.jpg\" alt=\"\" class=\"wp-image-161\" srcset=\"https:\/\/www.hasicistupava.sk\/wp-content\/uploads\/2019\/12\/coun2018-725x1024.jpg 725w, https:\/\/www.hasicistupava.sk\/wp-content\/uploads\/2019\/12\/coun2018-212x300.jpg 212w, https:\/\/www.hasicistupava.sk\/wp-content\/uploads\/2019\/12\/coun2018-768x1085.jpg 768w, https:\/\/www.hasicistupava.sk\/wp-content\/uploads\/2019\/12\/coun2018-1087x1536.jpg 1087w, https:\/\/www.hasicistupava.sk\/wp-content\/uploads\/2019\/12\/coun2018.jpg 1316w\" sizes=\"auto, (max-width: 725px) 100vw, 725px\" \/><\/figure>\n","protected":false},"excerpt":{"rendered":"<p>Countryohe\u0148 2019 2. ro\u010dn\u00edk hasi\u010dsk\u00e9ho juni\u00e1lesu v Stupave.Pr\u00ed\u010fte v sobotu, 15.06.2019 od 12:00, do Mal\u00e9ho parku v Stupave, kde si pre V\u00e1s pripravili stupavsk\u00ed hasi\u010di&hellip;<\/p>\n","protected":false},"author":1,"featured_media":0,"parent":0,"menu_order":0,"comment_status":"closed","ping_status":"closed","template":"","meta":{"footnotes":""},"class_list":["post-156","page","type-page","status-publish","hentry"],"_links":{"self":[{"href":"https:\/\/www.hasicistupava.sk\/index.php?rest_route=\/wp\/v2\/pages\/156","targetHints":{"allow":["GET"]}}],"collection":[{"href":"https:\/\/www.hasicistupava.sk\/index.php?rest_route=\/wp\/v2\/pages"}],"about":[{"href":"https:\/\/www.hasicistupava.sk\/index.php?rest_route=\/wp\/v2\/types\/page"}],"author":[{"embeddable":true,"href":"https:\/\/www.hasicistupava.sk\/index.php?rest_route=\/wp\/v2\/users\/1"}],"replies":[{"embeddable":true,"href":"https:\/\/www.hasicistupava.sk\/index.php?rest_route=%2Fwp%2Fv2%2Fcomments&post=156"}],"version-history":[{"count":6,"href":"https:\/\/www.hasicistupava.sk\/index.php?rest_route=\/wp\/v2\/pages\/156\/revisions"}],"predecessor-version":[{"id":211,"href":"https:\/\/www.hasicistupava.sk\/index.php?rest_route=\/wp\/v2\/pages\/156\/revisions\/211"}],"wp:attachment":[{"href":"https:\/\/www.hasicistupava.sk\/index.php?rest_route=%2Fwp%2Fv2%2Fmedia&parent=156"}],"curies":[{"name":"wp","href":"https:\/\/api.w.org\/{rel}","templated":true}]}}