{"id":171,"date":"2019-12-19T15:33:43","date_gmt":"2019-12-19T14:33:43","guid":{"rendered":"http:\/\/qc041500.web243.webhouse.sk\/?page_id=171"},"modified":"2019-12-19T15:33:47","modified_gmt":"2019-12-19T14:33:47","slug":"cinnost","status":"publish","type":"page","link":"https:\/\/www.hasicistupava.sk\/?page_id=171","title":{"rendered":"\u010cinnos\u0165"},"content":{"rendered":"\n<p class=\"has-text-color has-very-dark-gray-color\"><strong> V\u00ddCVIK PRE NOSITE\u013dOV ADP <\/strong><\/p>\n\n\n\n<p> Vo \u0161tvrtok, 24.10.2019, sa \u010dlenovia DHZO Stupava z\u00fa\u010dastnili v\u00fdcviku pre nosite\u013eov d\u00fdchac\u00edch pr\u00edstrojov. Tento v\u00fdcvik opr\u00e1v\u0148uje hasi\u010dov pou\u017e\u00edva\u0165 po\u010das z\u00e1sahu v pr\u00edpade potreby d\u00fdchac\u00ed pr\u00edstroj. <\/p>\n\n\n\n<figure class=\"wp-block-gallery columns-3 is-cropped wp-block-gallery-1 is-layout-flex wp-block-gallery-is-layout-flex\"><ul class=\"blocks-gallery-grid\"><li class=\"blocks-gallery-item\"><figure><img loading=\"lazy\" decoding=\"async\" width=\"1024\" height=\"683\" src=\"http:\/\/qc041500.web243.webhouse.sk\/wp-content\/uploads\/2019\/12\/adp2-1024x683.jpg\" alt=\"\" data-id=\"173\" data-full-url=\"http:\/\/qc041500.web243.webhouse.sk\/wp-content\/uploads\/2019\/12\/adp2.jpg\" data-link=\"http:\/\/qc041500.web243.webhouse.sk\/?attachment_id=173\" class=\"wp-image-173\" srcset=\"https:\/\/www.hasicistupava.sk\/wp-content\/uploads\/2019\/12\/adp2-1024x683.jpg 1024w, https:\/\/www.hasicistupava.sk\/wp-content\/uploads\/2019\/12\/adp2-300x200.jpg 300w, https:\/\/www.hasicistupava.sk\/wp-content\/uploads\/2019\/12\/adp2-768x512.jpg 768w, https:\/\/www.hasicistupava.sk\/wp-content\/uploads\/2019\/12\/adp2.jpg 1080w\" sizes=\"auto, (max-width: 1024px) 100vw, 1024px\" \/><\/figure><\/li><li class=\"blocks-gallery-item\"><figure><img loading=\"lazy\" decoding=\"async\" width=\"562\" height=\"843\" src=\"http:\/\/qc041500.web243.webhouse.sk\/wp-content\/uploads\/2019\/12\/adp3.jpg\" alt=\"\" data-id=\"174\" data-full-url=\"http:\/\/qc041500.web243.webhouse.sk\/wp-content\/uploads\/2019\/12\/adp3.jpg\" data-link=\"http:\/\/qc041500.web243.webhouse.sk\/?attachment_id=174\" class=\"wp-image-174\" srcset=\"https:\/\/www.hasicistupava.sk\/wp-content\/uploads\/2019\/12\/adp3.jpg 562w, https:\/\/www.hasicistupava.sk\/wp-content\/uploads\/2019\/12\/adp3-200x300.jpg 200w\" sizes=\"auto, (max-width: 562px) 100vw, 562px\" \/><\/figure><\/li><li class=\"blocks-gallery-item\"><figure><img loading=\"lazy\" decoding=\"async\" width=\"1024\" height=\"683\" src=\"http:\/\/qc041500.web243.webhouse.sk\/wp-content\/uploads\/2019\/12\/adp4-1024x683.jpg\" alt=\"\" data-id=\"175\" data-full-url=\"http:\/\/qc041500.web243.webhouse.sk\/wp-content\/uploads\/2019\/12\/adp4.jpg\" data-link=\"http:\/\/qc041500.web243.webhouse.sk\/?attachment_id=175\" class=\"wp-image-175\" srcset=\"https:\/\/www.hasicistupava.sk\/wp-content\/uploads\/2019\/12\/adp4-1024x683.jpg 1024w, https:\/\/www.hasicistupava.sk\/wp-content\/uploads\/2019\/12\/adp4-300x200.jpg 300w, https:\/\/www.hasicistupava.sk\/wp-content\/uploads\/2019\/12\/adp4-768x512.jpg 768w, https:\/\/www.hasicistupava.sk\/wp-content\/uploads\/2019\/12\/adp4.jpg 1080w\" sizes=\"auto, (max-width: 1024px) 100vw, 1024px\" \/><\/figure><\/li><li class=\"blocks-gallery-item\"><figure><img loading=\"lazy\" decoding=\"async\" width=\"1024\" height=\"683\" src=\"http:\/\/qc041500.web243.webhouse.sk\/wp-content\/uploads\/2019\/12\/adp5-1024x683.jpg\" alt=\"\" data-id=\"176\" data-full-url=\"http:\/\/qc041500.web243.webhouse.sk\/wp-content\/uploads\/2019\/12\/adp5.jpg\" data-link=\"http:\/\/qc041500.web243.webhouse.sk\/?attachment_id=176\" class=\"wp-image-176\" srcset=\"https:\/\/www.hasicistupava.sk\/wp-content\/uploads\/2019\/12\/adp5-1024x683.jpg 1024w, https:\/\/www.hasicistupava.sk\/wp-content\/uploads\/2019\/12\/adp5-300x200.jpg 300w, https:\/\/www.hasicistupava.sk\/wp-content\/uploads\/2019\/12\/adp5-768x512.jpg 768w, https:\/\/www.hasicistupava.sk\/wp-content\/uploads\/2019\/12\/adp5.jpg 1080w\" sizes=\"auto, (max-width: 1024px) 100vw, 1024px\" \/><\/figure><\/li><li class=\"blocks-gallery-item\"><figure><img loading=\"lazy\" decoding=\"async\" width=\"1024\" height=\"683\" src=\"http:\/\/qc041500.web243.webhouse.sk\/wp-content\/uploads\/2019\/12\/adp6-1024x683.jpg\" alt=\"\" data-id=\"177\" data-full-url=\"http:\/\/qc041500.web243.webhouse.sk\/wp-content\/uploads\/2019\/12\/adp6.jpg\" data-link=\"http:\/\/qc041500.web243.webhouse.sk\/?attachment_id=177\" class=\"wp-image-177\" srcset=\"https:\/\/www.hasicistupava.sk\/wp-content\/uploads\/2019\/12\/adp6-1024x683.jpg 1024w, https:\/\/www.hasicistupava.sk\/wp-content\/uploads\/2019\/12\/adp6-300x200.jpg 300w, https:\/\/www.hasicistupava.sk\/wp-content\/uploads\/2019\/12\/adp6-768x512.jpg 768w, https:\/\/www.hasicistupava.sk\/wp-content\/uploads\/2019\/12\/adp6.jpg 1080w\" sizes=\"auto, (max-width: 1024px) 100vw, 1024px\" \/><\/figure><\/li><\/ul><\/figure>\n","protected":false},"excerpt":{"rendered":"<p>V\u00ddCVIK PRE NOSITE\u013dOV ADP Vo \u0161tvrtok, 24.10.2019, sa \u010dlenovia DHZO Stupava z\u00fa\u010dastnili v\u00fdcviku pre nosite\u013eov d\u00fdchac\u00edch pr\u00edstrojov. Tento v\u00fdcvik opr\u00e1v\u0148uje hasi\u010dov pou\u017e\u00edva\u0165 po\u010das z\u00e1sahu v&hellip;<\/p>\n","protected":false},"author":1,"featured_media":0,"parent":0,"menu_order":0,"comment_status":"closed","ping_status":"closed","template":"","meta":{"footnotes":""},"class_list":["post-171","page","type-page","status-publish","hentry"],"_links":{"self":[{"href":"https:\/\/www.hasicistupava.sk\/index.php?rest_route=\/wp\/v2\/pages\/171","targetHints":{"allow":["GET"]}}],"collection":[{"href":"https:\/\/www.hasicistupava.sk\/index.php?rest_route=\/wp\/v2\/pages"}],"about":[{"href":"https:\/\/www.hasicistupava.sk\/index.php?rest_route=\/wp\/v2\/types\/page"}],"author":[{"embeddable":true,"href":"https:\/\/www.hasicistupava.sk\/index.php?rest_route=\/wp\/v2\/users\/1"}],"replies":[{"embeddable":true,"href":"https:\/\/www.hasicistupava.sk\/index.php?rest_route=%2Fwp%2Fv2%2Fcomments&post=171"}],"version-history":[{"count":1,"href":"https:\/\/www.hasicistupava.sk\/index.php?rest_route=\/wp\/v2\/pages\/171\/revisions"}],"predecessor-version":[{"id":178,"href":"https:\/\/www.hasicistupava.sk\/index.php?rest_route=\/wp\/v2\/pages\/171\/revisions\/178"}],"wp:attachment":[{"href":"https:\/\/www.hasicistupava.sk\/index.php?rest_route=%2Fwp%2Fv2%2Fmedia&parent=171"}],"curies":[{"name":"wp","href":"https:\/\/api.w.org\/{rel}","templated":true}]}}