{"id":215,"date":"2019-12-20T06:48:06","date_gmt":"2019-12-20T05:48:06","guid":{"rendered":"http:\/\/qc041500.web243.webhouse.sk\/?page_id=215"},"modified":"2020-02-13T09:42:30","modified_gmt":"2020-02-13T08:42:30","slug":"prevencia","status":"publish","type":"page","link":"https:\/\/www.hasicistupava.sk\/?page_id=215","title":{"rendered":"Prevencia"},"content":{"rendered":"\n<p class=\"has-medium-font-size\"> Odpor\u00fa\u010dania v s\u00favislosti s poveternostnou situ\u00e1ciou <\/p>\n\n\n\n<div class=\"wp-block-group\"><div class=\"wp-block-group__inner-container is-layout-flow wp-block-group-is-layout-flow\">\n<div class=\"wp-block-group\"><div class=\"wp-block-group__inner-container is-layout-flow wp-block-group-is-layout-flow\">\n<p class=\"has-normal-font-size\">Pod\u013ea SHM\u00da m\u00f4\u017eeme dnes &#8222;op\u00e4\u0165 o\u010dak\u00e1va\u0165 ve\u013emi siln\u00fd vietor. Najsilnej\u0161\u00ed bude na z\u00e1padnom Slovensku pri prechode studen\u00e9ho frontu okolo poludnia a kr\u00e1tko popoludn\u00ed, ako aj po jeho prechode a\u017e do ve\u010dern\u00fdch hod\u00edn. N\u00e1razy vetra m\u00f4\u017eu op\u00e4\u0165 ojedinele dosiahnu\u0165 a\u017e okolo 100 km\/h.&#8220; Hasi\u010dsk\u00fd a z\u00e1chrann\u00fd zbor preto v tejto s\u00favislosti o\u010dak\u00e1va n\u00e1rast po\u010dtu v\u00fdjazdov a vyd\u00e1va nasledovn\u00e9 odpor\u00fa\u010dania:<\/p>\n\n\n\n<p>&#x27a1;&#xfe0f;&nbsp;neparkujte svoje vozidl\u00e1 na rizikov\u00fdch miestach (pod stromami, elektick\u00fdmi st\u013apmi a sto\u017eiarmi, billboardmi);<br>&#x27a1;&#xfe0f;&nbsp;pred pr\u00edchodom vetra vykonajte doma prevent\u00edvne opatrenia &#8211; pozatv\u00e1rajte a zaistite okn\u00e1 a dvere, na z\u00e1hrade, terase \u010di balk\u00f3ne upevnite predmety, ktor\u00e9 by pod vplyvom vetra mohli spadn\u00fa\u0165 a ohrozi\u0165 t\u00fdm v\u00e1s a okolie (z\u00e1hradn\u00fd n\u00e1bytok, kvetin\u00e1\u010de, \u010drepn\u00edkov\u00e9 rastliny, n\u00e1radie, sklenen\u00e9 a plechov\u00e9 predmety a pod.);<br>&#x27a1;&#xfe0f;&nbsp;pre zvierat\u00e1 \u017eij\u00face na dvore vytvorte do\u010dasn\u00e9 \u00fato\u010disko &#8211; predmety pohybuj\u00face sa pod vplyvom vetra im m\u00f4\u017eu ubl\u00ed\u017ei\u0165;<br>&#x27a1;&#xfe0f;&nbsp;sna\u017ete sa zdr\u017eiava\u0165 v bezpe\u010dn\u00fdch objektoch, obmedzte \u0161of\u00e9rovanie, prech\u00e1dzky v lese, vyh\u00fdbajte sa skr\u00fd\u0161am pod stromami \u010di nestabiln\u00fdmi pr\u00edstre\u0161kami a budovami;<br>&#x27a1;&#xfe0f;&nbsp;ak sa vo vozidle predsa len nach\u00e1dzate, vo\u013ete pomal\u00fa jazdu &#8211; siln\u00e9 poryvy vetra m\u00f4\u017eu va\u0161e vozidlo prevr\u00e1ti\u0165;<br>&#x27a1;&#xfe0f;&nbsp;vyh\u00fdbajte sa kontaktu so spadnut\u00fdmi elektrick\u00fdmi st\u013apmi a dr\u00f4tmi, pokia\u013e va\u0161e auto zasiahne strom \u010di kon\u00e1r &#8211; nechajte to na hasi\u010dov;<br>&#x27a1;&#xfe0f;&nbsp;poveternostn\u00fa situ\u00e1ciu sledujte z bezpe\u010dia domova, v \u017eiadnom pr\u00edpade necho\u010fte sk\u00fama\u0165 ter\u00e9n;<br>&#x27a1;&#xfe0f;&nbsp;pri volan\u00ed na ties\u0148ov\u00fa linku majte na pam\u00e4ti, \u017ee najvy\u0161\u0161iu hodnotu m\u00e1 \u017eivot, a\u017e potom majetok:<br>&#x27a1;&#xfe0f;&nbsp;nepodce\u0148ujte situ\u00e1ciu, ale z\u00e1rove\u0148 neprece\u0148ujte svoje sily!<\/p>\n\n\n\n<p>Zdroj: HaZZ, SHM\u00da<\/p>\n<\/div><\/div>\n<\/div><\/div>\n\n\n\n<div class=\"wp-block-group\"><div class=\"wp-block-group__inner-container is-layout-flow wp-block-group-is-layout-flow\">\n<p> <a href=\"https:\/\/www.epi.sk\/zz\/2002-121\" target=\"_blank\" rel=\"noreferrer noopener\" aria-label=\"Vyhl\u00e1\u0161ka Ministerstva vn\u00fatra o po\u017eiarnej prevencii \u010d. 121\/2002 Z. z. (otvor\u00ed sa v novej karte)\">Vyhl\u00e1\u0161ka Ministerstva vn\u00fatra o po\u017eiarnej prevencii \u010d. 121\/2002 Z. z.<\/a><\/p>\n<\/div><\/div>\n","protected":false},"excerpt":{"rendered":"<p>Odpor\u00fa\u010dania v s\u00favislosti s poveternostnou situ\u00e1ciou Pod\u013ea SHM\u00da m\u00f4\u017eeme dnes &#8222;op\u00e4\u0165 o\u010dak\u00e1va\u0165 ve\u013emi siln\u00fd vietor. Najsilnej\u0161\u00ed bude na z\u00e1padnom Slovensku pri prechode studen\u00e9ho frontu okolo&hellip;<\/p>\n","protected":false},"author":1,"featured_media":0,"parent":0,"menu_order":0,"comment_status":"closed","ping_status":"closed","template":"","meta":{"footnotes":""},"class_list":["post-215","page","type-page","status-publish","hentry"],"_links":{"self":[{"href":"https:\/\/www.hasicistupava.sk\/index.php?rest_route=\/wp\/v2\/pages\/215","targetHints":{"allow":["GET"]}}],"collection":[{"href":"https:\/\/www.hasicistupava.sk\/index.php?rest_route=\/wp\/v2\/pages"}],"about":[{"href":"https:\/\/www.hasicistupava.sk\/index.php?rest_route=\/wp\/v2\/types\/page"}],"author":[{"embeddable":true,"href":"https:\/\/www.hasicistupava.sk\/index.php?rest_route=\/wp\/v2\/users\/1"}],"replies":[{"embeddable":true,"href":"https:\/\/www.hasicistupava.sk\/index.php?rest_route=%2Fwp%2Fv2%2Fcomments&post=215"}],"version-history":[{"count":11,"href":"https:\/\/www.hasicistupava.sk\/index.php?rest_route=\/wp\/v2\/pages\/215\/revisions"}],"predecessor-version":[{"id":365,"href":"https:\/\/www.hasicistupava.sk\/index.php?rest_route=\/wp\/v2\/pages\/215\/revisions\/365"}],"wp:attachment":[{"href":"https:\/\/www.hasicistupava.sk\/index.php?rest_route=%2Fwp%2Fv2%2Fmedia&parent=215"}],"curies":[{"name":"wp","href":"https:\/\/api.w.org\/{rel}","templated":true}]}}