{"id":359,"date":"2020-02-13T09:23:15","date_gmt":"2020-02-13T08:23:15","guid":{"rendered":"http:\/\/qc041500.web243.webhouse.sk\/?page_id=359"},"modified":"2020-02-17T09:10:47","modified_gmt":"2020-02-17T08:10:47","slug":"informacie-o-zasahoch","status":"publish","type":"page","link":"https:\/\/www.hasicistupava.sk\/?page_id=359","title":{"rendered":"Inform\u00e1cie o z\u00e1sahoch"},"content":{"rendered":"\n<p>Inform\u00e1ce o z\u00e1sahoch uverej\u0148ujeme na na\u0161ich facebook str\u00e1nkach.<\/p>\n\n\n\n<div class=\"wp-block-image\"><figure class=\"aligncenter size-large\"><a href=\"https:\/\/sk-sk.facebook.com\/Hasi\u010di-Stupava-322864864531474\/\" target=\"_blank\" rel=\"noreferrer noopener\"><img loading=\"lazy\" decoding=\"async\" width=\"485\" height=\"104\" src=\"http:\/\/qc041500.web243.webhouse.sk\/wp-content\/uploads\/2019\/12\/facebooj2.png\" alt=\"\" class=\"wp-image-203\" srcset=\"https:\/\/www.hasicistupava.sk\/wp-content\/uploads\/2019\/12\/facebooj2.png 485w, https:\/\/www.hasicistupava.sk\/wp-content\/uploads\/2019\/12\/facebooj2-300x64.png 300w\" sizes=\"auto, (max-width: 485px) 100vw, 485px\" \/><\/a><\/figure><\/div>\n\n\n\n<p><\/p>\n","protected":false},"excerpt":{"rendered":"<p>Inform\u00e1ce o z\u00e1sahoch uverej\u0148ujeme na na\u0161ich facebook str\u00e1nkach.<\/p>\n","protected":false},"author":1,"featured_media":0,"parent":0,"menu_order":0,"comment_status":"closed","ping_status":"closed","template":"","meta":{"footnotes":""},"class_list":["post-359","page","type-page","status-publish","hentry"],"_links":{"self":[{"href":"https:\/\/www.hasicistupava.sk\/index.php?rest_route=\/wp\/v2\/pages\/359","targetHints":{"allow":["GET"]}}],"collection":[{"href":"https:\/\/www.hasicistupava.sk\/index.php?rest_route=\/wp\/v2\/pages"}],"about":[{"href":"https:\/\/www.hasicistupava.sk\/index.php?rest_route=\/wp\/v2\/types\/page"}],"author":[{"embeddable":true,"href":"https:\/\/www.hasicistupava.sk\/index.php?rest_route=\/wp\/v2\/users\/1"}],"replies":[{"embeddable":true,"href":"https:\/\/www.hasicistupava.sk\/index.php?rest_route=%2Fwp%2Fv2%2Fcomments&post=359"}],"version-history":[{"count":8,"href":"https:\/\/www.hasicistupava.sk\/index.php?rest_route=\/wp\/v2\/pages\/359\/revisions"}],"predecessor-version":[{"id":379,"href":"https:\/\/www.hasicistupava.sk\/index.php?rest_route=\/wp\/v2\/pages\/359\/revisions\/379"}],"wp:attachment":[{"href":"https:\/\/www.hasicistupava.sk\/index.php?rest_route=%2Fwp%2Fv2%2Fmedia&parent=359"}],"curies":[{"name":"wp","href":"https:\/\/api.w.org\/{rel}","templated":true}]}}