{"id":455,"date":"2025-04-07T08:57:35","date_gmt":"2025-04-07T07:57:35","guid":{"rendered":"https:\/\/www.hasicistupava.sk\/?page_id=455"},"modified":"2025-04-07T09:50:14","modified_gmt":"2025-04-07T08:50:14","slug":"oslavy-145-vyrocia-zalozenia-dobrovolneho-hasicskeho-zboru-stupava","status":"publish","type":"page","link":"https:\/\/www.hasicistupava.sk\/?page_id=455","title":{"rendered":"OSLAVY 145. V\u00ddRO\u010cIA ZALO\u017dENIA DOBROVO\u013dN\u00c9HO HASI\u010cSK\u00c9HO ZBORU STUPAVA"},"content":{"rendered":"\n<div class=\"wp-block-group\"><div class=\"wp-block-group__inner-container is-layout-constrained wp-block-group-is-layout-constrained\">\n<p><\/p>\n\n\n\n<ul class=\"wp-block-list\">\n<li>Sobota, 17.05.2025<\/li>\n\n\n\n<li>pri Kult\u00farnom dome v Stupave<\/li>\n\n\n\n<li>Za\u017eite de\u0148 pln\u00fd em\u00f3ci\u00ed, v\u00f4ne dymu, zvuku sir\u00e9n a skvelej z\u00e1bavy pre cel\u00fa rodinu!<\/li>\n\n\n\n<li>Spolo\u010dne si pripomenieme 145 rokov trad\u00edcie, slu\u017eby a hrdosti n\u00e1\u0161ho hasi\u010dsk\u00e9ho zboru.<\/li>\n\n\n\n<li>Dopoludnie od 09:30 hod., bude patri\u0165 sl\u00e1vnostn\u00e9mu sprievodu hasi\u010dov so z\u00e1stavami a dychovou hudbou mestom a\u017e ku Kaplnke Krista Trpite\u013ea (Kalv\u00e1ria), kde si Sv\u00e4tou Om\u0161ou pripomenieme hist\u00f3riu n\u00e1\u0161ho zboru a spolo\u010dne po\u010fakujeme za roky slu\u017eby a ochrany.<\/li>\n\n\n\n<li>Popoludn\u00ed od 15:00 hod., o\u017eije are\u00e1l pri Kult\u00farnom dome uk\u00e1\u017ekami, pohybom, hudbou a skvelou atmosf\u00e9rou. Te\u0161i\u0165 sa m\u00f4\u017eete na pestr\u00fd program:<\/li>\n\n\n\n<li>Uk\u00e1\u017eka z\u00e1sahu pri dopravnej nehode<\/li>\n\n\n\n<li>Uk\u00e1\u017eka hasenia po\u017eiaru<\/li>\n\n\n\n<li>Uk\u00e1\u017eka pr\u00e1ce z\u00e1chran\u00e1rskych psov<\/li>\n\n\n\n<li>Prv\u00e1 pomoc \u2013 nau\u010dte sa zachr\u00e1ni\u0165 \u017eivot<\/li>\n\n\n\n<li>Statick\u00e1 uk\u00e1\u017eka hasi\u010dskej techniky dobrovo\u013en\u00fdch hasi\u010dsk\u00fdch zborov a profesion\u00e1lnych hasi\u010dov<\/li>\n\n\n\n<li>Statick\u00e1 uk\u00e1\u017eka vojenskej techniky<\/li>\n\n\n\n<li>Eduka\u010dn\u00fd st\u00e1nok &#8211; Lesy Slovenskej republiky<\/li>\n\n\n\n<li>Vyst\u00fapenie detsk\u00e9ho folkl\u00f3rneho s\u00faboru Stupavj\u00e1nek<\/li>\n\n\n\n<li>Predstavenie vzdu\u0161nej akrobacie -Fly4fit<\/li>\n\n\n\n<li>St\u00e1nky s ob\u010derstven\u00edm, po\u013eovn\u00edcky gul\u00e1\u0161, detsk\u00e9 atrakcie a mno\u017estvo \u010fal\u0161ieho<\/li>\n\n\n\n<li>Ve\u010der vyvrchol\u00ed koncertom ob\u013e\u00fabenej country skupiny BUKASOV\u00dd MAS\u00cdV<\/li>\n\n\n\n<li>Pr\u00ed\u010fte si u\u017ei\u0165 v\u00fdnimo\u010dn\u00fd de\u0148 pln\u00fd trad\u00edcie, odvahy a dobrej n\u00e1lady \u2013 s \u00factou k na\u0161im predkom a hrdos\u0165ou na hasi\u010dsk\u00e9 poslanie, ktor\u00e9 spolo\u010dne nesieme \u010falej.<\/li>\n\n\n\n<li>Te\u0161\u00edme sa na v\u00e1s v\u0161etk\u00fdch!<\/li>\n<\/ul>\n\n\n\n<figure class=\"wp-block-image size-large\"><a href=\"https:\/\/www.facebook.com\/story.php?story_fbid=1065624015595960&amp;id=100064451151721&amp;mibextid=wwXIfr&amp;rdid=MVPyCI9S6DWHiaGh\"><img loading=\"lazy\" decoding=\"async\" width=\"724\" height=\"1024\" src=\"https:\/\/www.hasicistupava.sk\/wp-content\/uploads\/2025\/04\/145-724x1024.jpg\" alt=\"\" class=\"wp-image-457\" srcset=\"https:\/\/www.hasicistupava.sk\/wp-content\/uploads\/2025\/04\/145-724x1024.jpg 724w, https:\/\/www.hasicistupava.sk\/wp-content\/uploads\/2025\/04\/145-212x300.jpg 212w, https:\/\/www.hasicistupava.sk\/wp-content\/uploads\/2025\/04\/145-768x1086.jpg 768w, https:\/\/www.hasicistupava.sk\/wp-content\/uploads\/2025\/04\/145-1086x1536.jpg 1086w, https:\/\/www.hasicistupava.sk\/wp-content\/uploads\/2025\/04\/145.jpg 1448w\" sizes=\"auto, (max-width: 724px) 100vw, 724px\" \/><\/a><\/figure>\n<\/div><\/div>\n","protected":false},"excerpt":{"rendered":"","protected":false},"author":1,"featured_media":461,"parent":32,"menu_order":0,"comment_status":"closed","ping_status":"open","template":"","meta":{"footnotes":""},"class_list":["post-455","page","type-page","status-publish","has-post-thumbnail","hentry"],"_links":{"self":[{"href":"https:\/\/www.hasicistupava.sk\/index.php?rest_route=\/wp\/v2\/pages\/455","targetHints":{"allow":["GET"]}}],"collection":[{"href":"https:\/\/www.hasicistupava.sk\/index.php?rest_route=\/wp\/v2\/pages"}],"about":[{"href":"https:\/\/www.hasicistupava.sk\/index.php?rest_route=\/wp\/v2\/types\/page"}],"author":[{"embeddable":true,"href":"https:\/\/www.hasicistupava.sk\/index.php?rest_route=\/wp\/v2\/users\/1"}],"replies":[{"embeddable":true,"href":"https:\/\/www.hasicistupava.sk\/index.php?rest_route=%2Fwp%2Fv2%2Fcomments&post=455"}],"version-history":[{"count":5,"href":"https:\/\/www.hasicistupava.sk\/index.php?rest_route=\/wp\/v2\/pages\/455\/revisions"}],"predecessor-version":[{"id":471,"href":"https:\/\/www.hasicistupava.sk\/index.php?rest_route=\/wp\/v2\/pages\/455\/revisions\/471"}],"up":[{"embeddable":true,"href":"https:\/\/www.hasicistupava.sk\/index.php?rest_route=\/wp\/v2\/pages\/32"}],"wp:featuredmedia":[{"embeddable":true,"href":"https:\/\/www.hasicistupava.sk\/index.php?rest_route=\/wp\/v2\/media\/461"}],"wp:attachment":[{"href":"https:\/\/www.hasicistupava.sk\/index.php?rest_route=%2Fwp%2Fv2%2Fmedia&parent=455"}],"curies":[{"name":"wp","href":"https:\/\/api.w.org\/{rel}","templated":true}]}}