{"id":474,"date":"2025-05-29T06:11:43","date_gmt":"2025-05-29T05:11:43","guid":{"rendered":"https:\/\/www.hasicistupava.sk\/?page_id=474"},"modified":"2025-05-29T07:18:47","modified_gmt":"2025-05-29T06:18:47","slug":"zelezny-hasic-stupava-2025","status":"publish","type":"page","link":"https:\/\/www.hasicistupava.sk\/?page_id=474","title":{"rendered":"\u017delezn\u00fd hasi\u010d Stupava 2025"},"content":{"rendered":"\n<h2 class=\"wp-block-heading\">Ste pripraven\u00ed na v\u00fdzvu?<\/h2>\n\n\n\n<p><strong>Kedy<\/strong><strong>:<\/strong> 6. september 2025 o 8:30  <strong>Miesto:<\/strong> Z\u0160 kpt. J. N\u00e1lepku v Stupave  <\/p>\n\n\n\n<p>Pr\u00ed\u010fte a za\u017eite adrenal\u00edn na vlastnej ko\u017ei alebo povzbu\u010fte svojich favoritov!<\/p>\n\n\n\n<p>Dobrovo\u013en\u00ed hasi\u010di z cel\u00e9ho Slovenska sa stretn\u00fa v Stupave, aby si zmerali sily v jednej z naj\u0165a\u017e\u0161\u00edch hasi\u010dsk\u00fdch s\u00fa\u0165a\u017e\u00ed \u2013 <strong>\u017delezn\u00fd Hasi\u010d<\/strong>. Pretek\u00e1ri v plnej v\u00fdstroji prekonaj\u00fa n\u00e1ro\u010dn\u00e9 prek\u00e1\u017eky, otestuj\u00fa svoju fyzick\u00fa kond\u00edciu, silu a odhodlanie.<\/p>\n\n\n\n<p>\u010cak\u00e1 v\u00e1s de\u0148 pln\u00fd nap\u00e4tia, em\u00f3ci\u00ed a uk\u00e1\u017eky neuverite\u013enej h\u00fa\u017eevnatosti a profesionality. Bude to boj nielen s \u010dasom, ale aj so sebou sam\u00fdm!<\/p>\n\n\n\n<p><strong>\u010co m\u00f4\u017eete o\u010dak\u00e1va\u0165?<\/strong><\/p>\n\n\n\n<ul class=\"wp-block-list\">\n<li>Dychber\u00face v\u00fdkony s\u00fa\u0165a\u017eiacich.<\/li>\n\n\n\n<li>Uk\u00e1\u017eky hasi\u010dskej techniky.<\/li>\n\n\n\n<li>Skvel\u00fa atmosf\u00e9ru a podporu pre v\u0161etk\u00fdch \u00fa\u010dastn\u00edkov.<\/li>\n<\/ul>\n\n\n\n<p>Nenechajte si ujs\u0165 t\u00fato jedine\u010dn\u00fa udalos\u0165, ktor\u00e1 vzd\u00e1va hold t\u00fdm, ktor\u00ed ka\u017ed\u00fd de\u0148 riskuj\u00fa svoje \u017eivoty pre na\u0161u bezpe\u010dnos\u0165!<\/p>\n\n\n\n<p>Te\u0161\u00edme sa na v\u00e1s 6. septembra v Stupave!<\/p>\n\n\n\n<figure class=\"wp-block-image size-full\"><img loading=\"lazy\" decoding=\"async\" width=\"512\" height=\"429\" src=\"https:\/\/www.hasicistupava.sk\/wp-content\/uploads\/2025\/05\/zelezny_hasic-1.jpg\" alt=\"\" class=\"wp-image-477\" srcset=\"https:\/\/www.hasicistupava.sk\/wp-content\/uploads\/2025\/05\/zelezny_hasic-1.jpg 512w, https:\/\/www.hasicistupava.sk\/wp-content\/uploads\/2025\/05\/zelezny_hasic-1-300x251.jpg 300w\" sizes=\"auto, (max-width: 512px) 100vw, 512px\" \/><\/figure>\n\n\n\n<hr class=\"wp-block-separator has-alpha-channel-opacity\"\/>\n\n\n\n<p>V\u00fdsledkov\u00e1 tabula <\/p>\n\n\n\n<figure class=\"wp-block-image size-full is-resized is-style-default\"><a href=\"https:\/\/docs.google.com\/spreadsheets\/d\/1MvtOuZNhZt6oEXfF-fRwdM-Q5e73ALZkCmZkXytLbKY\/edit?usp=sharing\" target=\"_blank\" rel=\" noreferrer noopener\"><img loading=\"lazy\" decoding=\"async\" width=\"233\" height=\"233\" src=\"https:\/\/www.hasicistupava.sk\/wp-content\/uploads\/2025\/05\/qr_m.png\" alt=\"\" class=\"wp-image-480\" style=\"width:162px;height:auto\" srcset=\"https:\/\/www.hasicistupava.sk\/wp-content\/uploads\/2025\/05\/qr_m.png 233w, https:\/\/www.hasicistupava.sk\/wp-content\/uploads\/2025\/05\/qr_m-150x150.png 150w\" sizes=\"auto, (max-width: 233px) 100vw, 233px\" \/><\/a><\/figure>\n\n\n\n<p><\/p>\n","protected":false},"excerpt":{"rendered":"<p>Ste pripraven\u00ed na v\u00fdzvu? Kedy: 6. september 2025 o 8:30 Miesto: Z\u0160 kpt. J. N\u00e1lepku v Stupave Pr\u00ed\u010fte a za\u017eite adrenal\u00edn na vlastnej ko\u017ei alebo&hellip;<\/p>\n","protected":false},"author":1,"featured_media":0,"parent":0,"menu_order":0,"comment_status":"closed","ping_status":"open","template":"","meta":{"footnotes":""},"class_list":["post-474","page","type-page","status-publish","hentry"],"_links":{"self":[{"href":"https:\/\/www.hasicistupava.sk\/index.php?rest_route=\/wp\/v2\/pages\/474","targetHints":{"allow":["GET"]}}],"collection":[{"href":"https:\/\/www.hasicistupava.sk\/index.php?rest_route=\/wp\/v2\/pages"}],"about":[{"href":"https:\/\/www.hasicistupava.sk\/index.php?rest_route=\/wp\/v2\/types\/page"}],"author":[{"embeddable":true,"href":"https:\/\/www.hasicistupava.sk\/index.php?rest_route=\/wp\/v2\/users\/1"}],"replies":[{"embeddable":true,"href":"https:\/\/www.hasicistupava.sk\/index.php?rest_route=%2Fwp%2Fv2%2Fcomments&post=474"}],"version-history":[{"count":8,"href":"https:\/\/www.hasicistupava.sk\/index.php?rest_route=\/wp\/v2\/pages\/474\/revisions"}],"predecessor-version":[{"id":490,"href":"https:\/\/www.hasicistupava.sk\/index.php?rest_route=\/wp\/v2\/pages\/474\/revisions\/490"}],"wp:attachment":[{"href":"https:\/\/www.hasicistupava.sk\/index.php?rest_route=%2Fwp%2Fv2%2Fmedia&parent=474"}],"curies":[{"name":"wp","href":"https:\/\/api.w.org\/{rel}","templated":true}]}}