{"id":71,"date":"2019-12-13T07:59:13","date_gmt":"2019-12-13T07:59:13","guid":{"rendered":"http:\/\/qc041500.web243.webhouse.sk\/?page_id=71"},"modified":"2020-02-15T22:01:39","modified_gmt":"2020-02-15T21:01:39","slug":"kontakt","status":"publish","type":"page","link":"https:\/\/www.hasicistupava.sk\/?page_id=71","title":{"rendered":"Kontakt"},"content":{"rendered":"\n<p><strong>Adresa<\/strong><br>Dobrovo\u013en\u00fd hasi\u010dsk\u00fd zbor Stupava<br>Hlavn\u00e1 9 , Stupava 900 31<br>I\u010cO : 001774740213<br>e-mail : hasici@hasicistupava.sk <\/p>\n\n\n\n<p><strong>Kontakt<\/strong><\/p>\n\n\n\n<p class=\"has-medium-font-size\"><strong>Nadriaden\u00fd za mesto Stupava<\/strong><\/p>\n\n\n\n<p><strong>R\u00f3bert BUBNI\u010c<\/strong>    +421917760244<\/p>\n\n\n\n<p>robert.bubnic@stupava.sk<\/p>\n\n\n\n<p class=\"has-medium-font-size\"><strong>Predseda<\/strong><\/p>\n\n\n\n<p><strong>Milan PESCHL<\/strong>  +421903784303<\/p>\n\n\n\n<p>hasici@hasicistupava.sk<\/p>\n\n\n\n<p><\/p>\n\n\n\n<div class=\"wp-block-group\"><div class=\"wp-block-group__inner-container is-layout-flow wp-block-group-is-layout-flow\"><\/div><\/div>\n\n\n\n<figure><iframe loading=\"lazy\" src=\"https:\/\/www.google.com\/maps\/embed?pb=!1m18!1m12!1m3!1d663.855822945402!2d17.032085361218034!3d48.27547186937991!2m3!1f0!2f0!3f0!3m2!1i1024!2i768!4f13.1!3m3!1m2!1s0x476ced3f84bb3d6b%3A0x36c9a1bf87a6af90!2zSGFzacSNc2vDoSBzdGFuaWNh!5e0!3m2!1ssk!2ssk!4v1576224546917!5m2!1ssk!2ssk\" width=\"600\" height=\"450\" frameborder=\"0\" style=\"border:0;\" allowfullscreen=\"\"><\/iframe><\/figure>\n","protected":false},"excerpt":{"rendered":"<p>AdresaDobrovo\u013en\u00fd hasi\u010dsk\u00fd zbor StupavaHlavn\u00e1 9 , Stupava 900 31I\u010cO : 001774740213e-mail : hasici@hasicistupava.sk Kontakt Nadriaden\u00fd za mesto Stupava R\u00f3bert BUBNI\u010c +421917760244 robert.bubnic@stupava.sk Predseda Milan PESCHL&hellip;<\/p>\n","protected":false},"author":1,"featured_media":0,"parent":0,"menu_order":0,"comment_status":"open","ping_status":"closed","template":"","meta":{"footnotes":""},"class_list":["post-71","page","type-page","status-publish","hentry"],"_links":{"self":[{"href":"https:\/\/www.hasicistupava.sk\/index.php?rest_route=\/wp\/v2\/pages\/71","targetHints":{"allow":["GET"]}}],"collection":[{"href":"https:\/\/www.hasicistupava.sk\/index.php?rest_route=\/wp\/v2\/pages"}],"about":[{"href":"https:\/\/www.hasicistupava.sk\/index.php?rest_route=\/wp\/v2\/types\/page"}],"author":[{"embeddable":true,"href":"https:\/\/www.hasicistupava.sk\/index.php?rest_route=\/wp\/v2\/users\/1"}],"replies":[{"embeddable":true,"href":"https:\/\/www.hasicistupava.sk\/index.php?rest_route=%2Fwp%2Fv2%2Fcomments&post=71"}],"version-history":[{"count":10,"href":"https:\/\/www.hasicistupava.sk\/index.php?rest_route=\/wp\/v2\/pages\/71\/revisions"}],"predecessor-version":[{"id":377,"href":"https:\/\/www.hasicistupava.sk\/index.php?rest_route=\/wp\/v2\/pages\/71\/revisions\/377"}],"wp:attachment":[{"href":"https:\/\/www.hasicistupava.sk\/index.php?rest_route=%2Fwp%2Fv2%2Fmedia&parent=71"}],"curies":[{"name":"wp","href":"https:\/\/api.w.org\/{rel}","templated":true}]}}